{"id":909,"date":"2016-11-22T11:16:23","date_gmt":"2016-11-22T09:16:23","guid":{"rendered":"http:\/\/kndrc.com\/antalyalab\/?page_id=909"},"modified":"2017-01-30T13:00:31","modified_gmt":"2017-01-30T11:00:31","slug":"bilgi-bankasi","status":"publish","type":"page","link":"https:\/\/www.antalyalab.com\/tr\/bilgi-bankasi\/","title":{"rendered":"Bilgi Bankas\u0131"},"content":{"rendered":"<div id='av_section_1'  class='avia-section main_color avia-section-huge avia-no-border-styling  avia-full-stretch av-section-color-overlay-active avia-bg-style-scroll  avia-builder-el-0  el_before_av_section  avia-builder-el-first   av-minimum-height av-minimum-height-50  container_wrap sidebar_right' style='background-repeat: no-repeat; background-image: url(https:\/\/www.antalyalab.com\/tr\/wp-content\/uploads\/2016\/11\/2-1.jpg);background-attachment: scroll; background-position: bottom center;  '  data-section-bg-repeat='stretch' data-av_minimum_height_pc='50'><div class='av-section-color-overlay-wrap'><div class='av-section-color-overlay' style='opacity: 0.5; background-color: #301818; background-image: url(https:\/\/www.antalyalab.com\/tr\/wp-content\/themes\/enfold\/images\/background-images\/dots-mini-strong.png); background-repeat: repeat;'><\/div><a href='#next-section' title='' class='scroll-down-link '  aria-hidden='true' data-av_icon='\ue877' data-av_iconfont='entypo-fontello'><\/a><div class='container' ><main  role=\"main\" itemprop=\"mainContentOfPage\"  class='template-page content  av-content-small alpha units'><div class='post-entry post-entry-type-page post-entry-909'><div class='entry-content-wrapper clearfix'>\n<div  style='padding-bottom:10px; color:#ffffff;font-size:34px;' class='av-special-heading av-special-heading-h3 custom-color-heading blockquote modern-quote modern-centered  avia-builder-el-1  avia-builder-el-no-sibling  av-inherit-size '><h3 class='av-special-heading-tag '  itemprop=\"headline\"  >ANTALYA \u00d6ZEL KONTROL LABORATUVARI<\/h3><div class ='av-subheading av-subheading_below av_custom_color ' style='font-size:21px;'><p>B\u0130LG\u0130 BANKASI<\/p>\n<\/div><div class='special-heading-border'><div class='special-heading-inner-border' style='border-color:#ffffff'><\/div><\/div><\/div>\n\n<\/div><\/div><\/main><!-- close content main element --><\/div><\/div><\/div><div id='av_section_2'  class='avia-section main_color avia-section-default avia-no-shadow  avia-bg-style-scroll  avia-builder-el-2  el_after_av_section  avia-builder-el-last   container_wrap sidebar_right' style=' '  ><div class='container' ><div class='template-page content  av-content-small alpha units'><div class='post-entry post-entry-type-page post-entry-909'><div class='entry-content-wrapper clearfix'>\n<div id='av-masonry-1' class='av-masonry  noHover av-flex-size av-large-gap av-hover-overlay-active av-masonry-animation-active av-masonry-col-4 av-caption-always av-caption-style-overlay    '  ><div class='av-masonry-container isotope av-js-disabled ' ><div class='av-masonry-entry isotope-item av-masonry-item-no-image '><\/div><a href=\"https:\/\/www.antalyalab.com\/tr\/t-c-gida-tarim-ve-hayvancilik-bakanligi-kontrol-laboratuvarlari-fiyat-listesi\/\"  id='av-masonry-1-item-1428' data-av-masonry-item='1428' class='av-masonry-entry isotope-item post-1428 post type-post status-publish format-standard has-post-thumbnail hentry category-haber  av-masonry-item-with-image' title=\"Tar\u0131m_ve_Orman_Bakanl\u0131\u011f\u0131_logo.svg\"  itemscope=\"itemscope\" itemtype=\"https:\/\/schema.org\/CreativeWork\" ><div class='av-inner-masonry-sizer'><\/div><figure class='av-inner-masonry main_color'><div class=\"av-masonry-outerimage-container\"><div class=\"av-masonry-image-container\" ><img decoding=\"async\" width=\"705\" height=\"705\" class=\"wp-image-1531 avia-img-lazy-loading-not-1531\"  src=\"https:\/\/www.antalyalab.com\/tr\/wp-content\/uploads\/2017\/03\/Tarim_ve_Orman_Bakanligi_logo.svg_-705x705.png\" title=\"copyright \u00a9 antalyalab.com\" alt=\"copyright \u00a9 antalyalab.com\" srcset=\"https:\/\/www.antalyalab.com\/tr\/wp-content\/uploads\/2017\/03\/Tarim_ve_Orman_Bakanligi_logo.svg_-705x705.png 705w, https:\/\/www.antalyalab.com\/tr\/wp-content\/uploads\/2017\/03\/Tarim_ve_Orman_Bakanligi_logo.svg_-300x300.png 300w, https:\/\/www.antalyalab.com\/tr\/wp-content\/uploads\/2017\/03\/Tarim_ve_Orman_Bakanligi_logo.svg_-1030x1030.png 1030w, https:\/\/www.antalyalab.com\/tr\/wp-content\/uploads\/2017\/03\/Tarim_ve_Orman_Bakanligi_logo.svg_-80x80.png 80w, https:\/\/www.antalyalab.com\/tr\/wp-content\/uploads\/2017\/03\/Tarim_ve_Orman_Bakanligi_logo.svg_-768x768.png 768w, https:\/\/www.antalyalab.com\/tr\/wp-content\/uploads\/2017\/03\/Tarim_ve_Orman_Bakanligi_logo.svg_-1536x1536.png 1536w, https:\/\/www.antalyalab.com\/tr\/wp-content\/uploads\/2017\/03\/Tarim_ve_Orman_Bakanligi_logo.svg_-36x36.png 36w, https:\/\/www.antalyalab.com\/tr\/wp-content\/uploads\/2017\/03\/Tarim_ve_Orman_Bakanligi_logo.svg_-180x180.png 180w, https:\/\/www.antalyalab.com\/tr\/wp-content\/uploads\/2017\/03\/Tarim_ve_Orman_Bakanligi_logo.svg_-1500x1500.png 1500w, https:\/\/www.antalyalab.com\/tr\/wp-content\/uploads\/2017\/03\/Tarim_ve_Orman_Bakanligi_logo.svg_.png 2048w\" sizes=\"(max-width: 705px) 100vw, 705px\" \/><\/div><\/div><figcaption class='av-inner-masonry-content site-background'><div class='av-inner-masonry-content-pos'><div class='av-inner-masonry-content-pos-content'><div class='avia-arrow'><\/div><h3 class='av-masonry-entry-title entry-title '  itemprop=\"headline\" >T.C. Tar\u0131m ve Orman Bakanl\u0131\u011f\u0131 Kontrol Laboratuvarlar\u0131 Fiyat Listesi<\/h3><span class='av-masonry-date meta-color updated'>9 Mart 2017<\/span><span class=\"av-masonry-text-sep text-sep-author\">\/<\/span><span class='av-masonry-author meta-color author'><span class='fn'>taraf\u0131ndan eren erozan<\/span><\/span><\/div><\/div><\/figcaption><\/figure><\/a><!--end av-masonry entry--><a href=\"https:\/\/www.antalyalab.com\/tr\/turk-gida-kodeksi-mikrobiyolojik-kriterler-yonetmeligi\/\"  id='av-masonry-1-item-1424' data-av-masonry-item='1424' class='av-masonry-entry isotope-item post-1424 post type-post status-publish format-standard has-post-thumbnail hentry category-haber  av-masonry-item-with-image' title=\"ant_lab_guncelleme\"  itemscope=\"itemscope\" itemtype=\"https:\/\/schema.org\/CreativeWork\" ><div class='av-inner-masonry-sizer'><\/div><figure class='av-inner-masonry main_color'><div class=\"av-masonry-outerimage-container\"><div class=\"av-masonry-image-container\" ><img decoding=\"async\" width=\"705\" height=\"705\" class=\"wp-image-1306 avia-img-lazy-loading-not-1306\"  src=\"https:\/\/www.antalyalab.com\/tr\/wp-content\/uploads\/2015\/03\/ant_lab_guncelleme-705x705.jpg\" title=\"copyright \u00a9 antalyalab.com\" alt=\"copyright \u00a9 antalyalab.com\" srcset=\"https:\/\/www.antalyalab.com\/tr\/wp-content\/uploads\/2015\/03\/ant_lab_guncelleme-705x705.jpg 705w, https:\/\/www.antalyalab.com\/tr\/wp-content\/uploads\/2015\/03\/ant_lab_guncelleme-80x80.jpg 80w, https:\/\/www.antalyalab.com\/tr\/wp-content\/uploads\/2015\/03\/ant_lab_guncelleme-300x300.jpg 300w, https:\/\/www.antalyalab.com\/tr\/wp-content\/uploads\/2015\/03\/ant_lab_guncelleme-768x768.jpg 768w, https:\/\/www.antalyalab.com\/tr\/wp-content\/uploads\/2015\/03\/ant_lab_guncelleme-36x36.jpg 36w, https:\/\/www.antalyalab.com\/tr\/wp-content\/uploads\/2015\/03\/ant_lab_guncelleme-180x180.jpg 180w, https:\/\/www.antalyalab.com\/tr\/wp-content\/uploads\/2015\/03\/ant_lab_guncelleme-120x120.jpg 120w, https:\/\/www.antalyalab.com\/tr\/wp-content\/uploads\/2015\/03\/ant_lab_guncelleme-450x450.jpg 450w, https:\/\/www.antalyalab.com\/tr\/wp-content\/uploads\/2015\/03\/ant_lab_guncelleme.jpg 900w\" sizes=\"(max-width: 705px) 100vw, 705px\" \/><\/div><\/div><figcaption class='av-inner-masonry-content site-background'><div class='av-inner-masonry-content-pos'><div class='av-inner-masonry-content-pos-content'><div class='avia-arrow'><\/div><h3 class='av-masonry-entry-title entry-title '  itemprop=\"headline\" >T\u00fcrk G\u0131da Kodeksi Mikrobiyolojik Kriterler Y\u00f6netmeli\u011fi<\/h3><span class='av-masonry-date meta-color updated'>9 Mart 2017<\/span><span class=\"av-masonry-text-sep text-sep-author\">\/<\/span><span class='av-masonry-author meta-color author'><span class='fn'>taraf\u0131ndan eren erozan<\/span><\/span><\/div><\/div><\/figcaption><\/figure><\/a><!--end av-masonry entry--><a href=\"https:\/\/www.antalyalab.com\/tr\/a-nice-post\/\"  id='av-masonry-1-item-55' data-av-masonry-item='55' class='av-masonry-entry isotope-item post-55 post type-post status-publish format-standard has-post-thumbnail hentry category-haber  av-masonry-item-with-image' title=\"untitled-4\"  itemscope=\"itemscope\" itemtype=\"https:\/\/schema.org\/CreativeWork\" ><div class='av-inner-masonry-sizer'><\/div><figure class='av-inner-masonry main_color'><div class=\"av-masonry-outerimage-container\"><div class=\"av-masonry-image-container\" ><img decoding=\"async\" width=\"589\" height=\"393\" class=\"wp-image-1010 avia-img-lazy-loading-not-1010\"  src=\"https:\/\/www.antalyalab.com\/tr\/wp-content\/uploads\/2014\/08\/Untitled-4.jpg\" title=\"copyright \u00a9 antalyalab.com\" alt=\"copyright \u00a9 antalyalab.com\" srcset=\"https:\/\/www.antalyalab.com\/tr\/wp-content\/uploads\/2014\/08\/Untitled-4.jpg 589w, https:\/\/www.antalyalab.com\/tr\/wp-content\/uploads\/2014\/08\/Untitled-4-300x200.jpg 300w, https:\/\/www.antalyalab.com\/tr\/wp-content\/uploads\/2014\/08\/Untitled-4-450x300.jpg 450w\" sizes=\"(max-width: 589px) 100vw, 589px\" \/><\/div><\/div><figcaption class='av-inner-masonry-content site-background'><div class='av-inner-masonry-content-pos'><div class='av-inner-masonry-content-pos-content'><div class='avia-arrow'><\/div><h3 class='av-masonry-entry-title entry-title '  itemprop=\"headline\" >G\u0131da Numunelerinde Stafilokokal enterotoksinler<\/h3><span class='av-masonry-date meta-color updated'>4 Mart 2017<\/span><span class=\"av-masonry-text-sep text-sep-author\">\/<\/span><span class='av-masonry-author meta-color author'><span class='fn'>taraf\u0131ndan eren erozan<\/span><\/span><\/div><\/div><\/figcaption><\/figure><\/a><!--end av-masonry entry--><a href=\"https:\/\/www.antalyalab.com\/tr\/this-is-a-post-with-post-type-link\/\"  id='av-masonry-1-item-36' data-av-masonry-item='36' class='av-masonry-entry isotope-item post-36 post type-post status-publish format-standard has-post-thumbnail hentry category-haber  av-masonry-item-with-image' title=\"HomeBannerLegionella\"  itemscope=\"itemscope\" itemtype=\"https:\/\/schema.org\/CreativeWork\" ><div class='av-inner-masonry-sizer'><\/div><figure class='av-inner-masonry main_color'><div class=\"av-masonry-outerimage-container\"><div class=\"av-masonry-image-container\" ><img decoding=\"async\" width=\"665\" height=\"310\" class=\"wp-image-1411 avia-img-lazy-loading-not-1411\"  src=\"https:\/\/www.antalyalab.com\/tr\/wp-content\/uploads\/2012\/08\/HomeBannerLegionella.jpg\" title=\"copyright \u00a9 antalyalab.com\" alt=\"copyright \u00a9 antalyalab.com\" srcset=\"https:\/\/www.antalyalab.com\/tr\/wp-content\/uploads\/2012\/08\/HomeBannerLegionella.jpg 665w, https:\/\/www.antalyalab.com\/tr\/wp-content\/uploads\/2012\/08\/HomeBannerLegionella-300x140.jpg 300w, https:\/\/www.antalyalab.com\/tr\/wp-content\/uploads\/2012\/08\/HomeBannerLegionella-450x210.jpg 450w\" sizes=\"(max-width: 665px) 100vw, 665px\" \/><\/div><\/div><figcaption class='av-inner-masonry-content site-background'><div class='av-inner-masonry-content-pos'><div class='av-inner-masonry-content-pos-content'><div class='avia-arrow'><\/div><h3 class='av-masonry-entry-title entry-title '  itemprop=\"headline\" >Legionella spp. Analizleri<\/h3><span class='av-masonry-date meta-color updated'>1 Mart 2017<\/span><span class=\"av-masonry-text-sep text-sep-author\">\/<\/span><span class='av-masonry-author meta-color author'><span class='fn'>taraf\u0131ndan eren erozan<\/span><\/span><\/div><\/div><\/figcaption><\/figure><\/a><!--end av-masonry entry--><\/div><div class='av-masonry-pagination av-masonry-pagination-pagination'><nav class='pagination'><span class='pagination-meta'>Page 1 of 0<\/span><\/nav>\n<\/div><\/div>\n<\/div><\/div><\/div><!-- close content main div --><\/div><\/div><div id='after_section_2'  class='main_color av_default_container_wrap container_wrap sidebar_right' style=' '  ><div class='container' ><div class='template-page content  av-content-small alpha units'><div class='post-entry post-entry-type-page post-entry-909'><div class='entry-content-wrapper clearfix'>\n","protected":false},"excerpt":{"rendered":"","protected":false},"author":101013,"featured_media":0,"parent":0,"menu_order":0,"comment_status":"closed","ping_status":"closed","template":"","meta":{"footnotes":""},"class_list":["post-909","page","type-page","status-publish","hentry"],"_links":{"self":[{"href":"https:\/\/www.antalyalab.com\/tr\/wp-json\/wp\/v2\/pages\/909","targetHints":{"allow":["GET"]}}],"collection":[{"href":"https:\/\/www.antalyalab.com\/tr\/wp-json\/wp\/v2\/pages"}],"about":[{"href":"https:\/\/www.antalyalab.com\/tr\/wp-json\/wp\/v2\/types\/page"}],"author":[{"embeddable":true,"href":"https:\/\/www.antalyalab.com\/tr\/wp-json\/wp\/v2\/users\/101013"}],"replies":[{"embeddable":true,"href":"https:\/\/www.antalyalab.com\/tr\/wp-json\/wp\/v2\/comments?post=909"}],"version-history":[{"count":7,"href":"https:\/\/www.antalyalab.com\/tr\/wp-json\/wp\/v2\/pages\/909\/revisions"}],"predecessor-version":[{"id":1522,"href":"https:\/\/www.antalyalab.com\/tr\/wp-json\/wp\/v2\/pages\/909\/revisions\/1522"}],"wp:attachment":[{"href":"https:\/\/www.antalyalab.com\/tr\/wp-json\/wp\/v2\/media?parent=909"}],"curies":[{"name":"wp","href":"https:\/\/api.w.org\/{rel}","templated":true}]}}