{"id":893,"date":"2016-11-22T11:13:47","date_gmt":"2016-11-22T09:13:47","guid":{"rendered":"http:\/\/kndrc.com\/antalyalab\/?page_id=893"},"modified":"2024-06-24T14:54:43","modified_gmt":"2024-06-24T11:54:43","slug":"galeri","status":"publish","type":"page","link":"https:\/\/www.antalyalab.com\/tr\/galeri\/","title":{"rendered":"GALER\u0130"},"content":{"rendered":"<div id='av_section_1'  class='avia-section main_color avia-section-huge avia-no-border-styling  avia-full-stretch av-section-color-overlay-active avia-bg-style-fixed  avia-builder-el-0  el_before_av_layout_row  avia-builder-el-first   av-minimum-height av-minimum-height-50  container_wrap sidebar_right' style='background-repeat: no-repeat; background-image: url(https:\/\/www.antalyalab.com\/tr\/wp-content\/uploads\/2016\/11\/3-1.jpg);background-attachment: fixed; background-position: bottom center;  '  data-section-bg-repeat='stretch' data-av_minimum_height_pc='50'><div class='av-section-color-overlay-wrap'><div class='av-section-color-overlay' style='opacity: 0.5; background-color: #301818; background-image: url(https:\/\/www.antalyalab.com\/tr\/wp-content\/themes\/enfold\/images\/background-images\/dots-mini-strong.png); background-repeat: repeat;'><\/div><a href='#next-section' title='' class='scroll-down-link '  aria-hidden='true' data-av_icon='\ue877' data-av_iconfont='entypo-fontello'><\/a><div class='container' ><main  role=\"main\" itemprop=\"mainContentOfPage\"  class='template-page content  av-content-small alpha units'><div class='post-entry post-entry-type-page post-entry-893'><div class='entry-content-wrapper clearfix'>\n<div  style='padding-bottom:10px; color:#ffffff;font-size:34px;' class='av-special-heading av-special-heading-h3 custom-color-heading blockquote modern-quote modern-centered  avia-builder-el-1  avia-builder-el-no-sibling  av-inherit-size '><h3 class='av-special-heading-tag '  itemprop=\"headline\"  >LABORATUVARIMIZ<\/h3><div class ='av-subheading av-subheading_below av_custom_color ' style='font-size:21px;'><p>TSE EN ISO7IEC 17025 Standartlar\u0131n\u0131n t\u00fcm gereksinimlerini kar\u015f\u0131lamak i\u00e7in kalite y\u00f6netim sisteminin s\u00fcrekli olarak iyile\u015ftirilmesini sa\u011flamak kalite politikam\u0131zd\u0131r.<\/p>\n<\/div><div class='special-heading-border'><div class='special-heading-inner-border' style='border-color:#ffffff'><\/div><\/div><\/div>\n\n<\/div><\/div><\/main><!-- close content main element --><\/div><\/div><\/div><div id='av-layout-grid-1'  class='av-layout-grid-container entry-content-wrapper main_color av-flex-cells     avia-builder-el-2  el_after_av_section  avia-builder-el-last  submenu-not-first container_wrap sidebar_right' style=' '  >\n<div class=\"flex_cell no_margin av_one_full  avia-builder-el-3  avia-builder-el-no-sibling   \"  style='height:600px; min-height:600px;vertical-align:middle; padding:40px; background-color:#69c3f0; ' ><div class='flex_cell_inner' ><div id='av-masonry-1' class='av-masonry  noHover av-flex-size av-large-gap av-hover-overlay-active av-masonry-animation-active av-masonry-col-flexible av-caption-always av-caption-style- av-masonry-gallery     '  ><div class='av-masonry-container isotope av-js-disabled ' ><div class='av-masonry-entry isotope-item av-masonry-item-no-image '><\/div><a href=\"https:\/\/www.antalyalab.com\/tr\/wp-content\/uploads\/2016\/11\/LEWO2712-1030x687.jpg\"  aria-label=\"image LEWO2712\"  id='av-masonry-1-item-1458' data-av-masonry-item='1458' class='av-masonry-entry isotope-item post-1458 attachment type-attachment status-inherit hentry  av-masonry-item-with-image' title=\"LEWO2712\" alt=\"\"   itemprop=\"thumbnailUrl\" ><div class='av-inner-masonry-sizer'><\/div><figure class='av-inner-masonry main_color'><div class=\"av-masonry-outerimage-container\"><div class=\"av-masonry-image-container\" ><img decoding=\"async\" width=\"705\" height=\"470\" class=\"wp-image-1458 avia-img-lazy-loading-not-1458\"  src=\"https:\/\/www.antalyalab.com\/tr\/wp-content\/uploads\/2016\/11\/LEWO2712-705x470.jpg\" title=\"copyright \u00a9 antalyalab.com\" alt=\"copyright \u00a9 antalyalab.com\" srcset=\"https:\/\/www.antalyalab.com\/tr\/wp-content\/uploads\/2016\/11\/LEWO2712-705x470.jpg 705w, https:\/\/www.antalyalab.com\/tr\/wp-content\/uploads\/2016\/11\/LEWO2712-300x200.jpg 300w, https:\/\/www.antalyalab.com\/tr\/wp-content\/uploads\/2016\/11\/LEWO2712-768x512.jpg 768w, https:\/\/www.antalyalab.com\/tr\/wp-content\/uploads\/2016\/11\/LEWO2712-1030x687.jpg 1030w, https:\/\/www.antalyalab.com\/tr\/wp-content\/uploads\/2016\/11\/LEWO2712-450x300.jpg 450w, https:\/\/www.antalyalab.com\/tr\/wp-content\/uploads\/2016\/11\/LEWO2712.jpg 1382w\" sizes=\"(max-width: 705px) 100vw, 705px\" \/><\/div><\/div><\/figure><\/a><!--end av-masonry entry--><a href=\"https:\/\/www.antalyalab.com\/tr\/wp-content\/uploads\/2016\/11\/LEWO2739-1030x687.jpg\"  aria-label=\"image LEWO2739\"  id='av-masonry-1-item-1460' data-av-masonry-item='1460' class='av-masonry-entry isotope-item post-1460 attachment type-attachment status-inherit hentry  av-masonry-item-with-image' title=\"LEWO2739\" alt=\"\"   itemprop=\"thumbnailUrl\" ><div class='av-inner-masonry-sizer'><\/div><figure class='av-inner-masonry main_color'><div class=\"av-masonry-outerimage-container\"><div class=\"av-masonry-image-container\" ><img decoding=\"async\" width=\"705\" height=\"470\" class=\"wp-image-1460 avia-img-lazy-loading-not-1460\"  src=\"https:\/\/www.antalyalab.com\/tr\/wp-content\/uploads\/2016\/11\/LEWO2739-705x470.jpg\" title=\"copyright \u00a9 antalyalab.com\" alt=\"copyright \u00a9 antalyalab.com\" srcset=\"https:\/\/www.antalyalab.com\/tr\/wp-content\/uploads\/2016\/11\/LEWO2739-705x470.jpg 705w, https:\/\/www.antalyalab.com\/tr\/wp-content\/uploads\/2016\/11\/LEWO2739-300x200.jpg 300w, https:\/\/www.antalyalab.com\/tr\/wp-content\/uploads\/2016\/11\/LEWO2739-768x512.jpg 768w, https:\/\/www.antalyalab.com\/tr\/wp-content\/uploads\/2016\/11\/LEWO2739-1030x687.jpg 1030w, https:\/\/www.antalyalab.com\/tr\/wp-content\/uploads\/2016\/11\/LEWO2739-450x300.jpg 450w, https:\/\/www.antalyalab.com\/tr\/wp-content\/uploads\/2016\/11\/LEWO2739.jpg 1382w\" sizes=\"(max-width: 705px) 100vw, 705px\" \/><\/div><\/div><\/figure><\/a><!--end av-masonry entry--><a href=\"https:\/\/www.antalyalab.com\/tr\/wp-content\/uploads\/2016\/11\/LEWO2727-687x1030.jpg\"  aria-label=\"image LEWO2727\"  id='av-masonry-1-item-1459' data-av-masonry-item='1459' class='av-masonry-entry isotope-item post-1459 attachment type-attachment status-inherit hentry  av-masonry-item-with-image' title=\"LEWO2727\" alt=\"\"   itemprop=\"thumbnailUrl\" ><div class='av-inner-masonry-sizer'><\/div><figure class='av-inner-masonry main_color'><div class=\"av-masonry-outerimage-container\"><div class=\"av-masonry-image-container\" ><img decoding=\"async\" width=\"470\" height=\"705\" class=\"wp-image-1459 avia-img-lazy-loading-not-1459\"  src=\"https:\/\/www.antalyalab.com\/tr\/wp-content\/uploads\/2016\/11\/LEWO2727-470x705.jpg\" title=\"copyright \u00a9 antalyalab.com\" alt=\"copyright \u00a9 antalyalab.com\" srcset=\"https:\/\/www.antalyalab.com\/tr\/wp-content\/uploads\/2016\/11\/LEWO2727-470x705.jpg 470w, https:\/\/www.antalyalab.com\/tr\/wp-content\/uploads\/2016\/11\/LEWO2727-200x300.jpg 200w, https:\/\/www.antalyalab.com\/tr\/wp-content\/uploads\/2016\/11\/LEWO2727-768x1151.jpg 768w, https:\/\/www.antalyalab.com\/tr\/wp-content\/uploads\/2016\/11\/LEWO2727-687x1030.jpg 687w, https:\/\/www.antalyalab.com\/tr\/wp-content\/uploads\/2016\/11\/LEWO2727-450x675.jpg 450w, https:\/\/www.antalyalab.com\/tr\/wp-content\/uploads\/2016\/11\/LEWO2727.jpg 922w\" sizes=\"(max-width: 470px) 100vw, 470px\" \/><\/div><\/div><\/figure><\/a><!--end av-masonry entry--><a href=\"https:\/\/www.antalyalab.com\/tr\/wp-content\/uploads\/2016\/11\/8.jpg\"  aria-label=\"image 8\"  id='av-masonry-1-item-901' data-av-masonry-item='901' class='av-masonry-entry isotope-item post-901 attachment type-attachment status-inherit hentry  av-masonry-item-with-image' title=\"8\" alt=\"\"   itemprop=\"thumbnailUrl\" ><div class='av-inner-masonry-sizer'><\/div><figure class='av-inner-masonry main_color'><div class=\"av-masonry-outerimage-container\"><div class=\"av-masonry-image-container\" ><img decoding=\"async\" width=\"492\" height=\"369\" class=\"wp-image-901 avia-img-lazy-loading-not-901\"  src=\"https:\/\/www.antalyalab.com\/tr\/wp-content\/uploads\/2016\/11\/8.jpg\" title=\"copyright \u00a9 antalyalab.com\" alt=\"copyright \u00a9 antalyalab.com\" srcset=\"https:\/\/www.antalyalab.com\/tr\/wp-content\/uploads\/2016\/11\/8.jpg 492w, https:\/\/www.antalyalab.com\/tr\/wp-content\/uploads\/2016\/11\/8-300x225.jpg 300w, https:\/\/www.antalyalab.com\/tr\/wp-content\/uploads\/2016\/11\/8-450x338.jpg 450w\" sizes=\"(max-width: 492px) 100vw, 492px\" \/><\/div><\/div><\/figure><\/a><!--end av-masonry entry--><a href=\"https:\/\/www.antalyalab.com\/tr\/wp-content\/uploads\/2015\/03\/ant_lab_guncelleme.jpg\"  aria-label=\"image ant_lab_guncelleme\"  id='av-masonry-1-item-1306' data-av-masonry-item='1306' class='av-masonry-entry isotope-item post-1306 attachment type-attachment status-inherit hentry  av-masonry-item-with-image' title=\"ant_lab_guncelleme\" alt=\"\"   itemprop=\"thumbnailUrl\" ><div class='av-inner-masonry-sizer'><\/div><figure class='av-inner-masonry main_color'><div class=\"av-masonry-outerimage-container\"><div class=\"av-masonry-image-container\" ><img decoding=\"async\" width=\"705\" height=\"705\" class=\"wp-image-1306 avia-img-lazy-loading-not-1306\"  src=\"https:\/\/www.antalyalab.com\/tr\/wp-content\/uploads\/2015\/03\/ant_lab_guncelleme-705x705.jpg\" title=\"copyright \u00a9 antalyalab.com\" alt=\"copyright \u00a9 antalyalab.com\" srcset=\"https:\/\/www.antalyalab.com\/tr\/wp-content\/uploads\/2015\/03\/ant_lab_guncelleme-705x705.jpg 705w, https:\/\/www.antalyalab.com\/tr\/wp-content\/uploads\/2015\/03\/ant_lab_guncelleme-80x80.jpg 80w, https:\/\/www.antalyalab.com\/tr\/wp-content\/uploads\/2015\/03\/ant_lab_guncelleme-300x300.jpg 300w, https:\/\/www.antalyalab.com\/tr\/wp-content\/uploads\/2015\/03\/ant_lab_guncelleme-768x768.jpg 768w, https:\/\/www.antalyalab.com\/tr\/wp-content\/uploads\/2015\/03\/ant_lab_guncelleme-36x36.jpg 36w, https:\/\/www.antalyalab.com\/tr\/wp-content\/uploads\/2015\/03\/ant_lab_guncelleme-180x180.jpg 180w, https:\/\/www.antalyalab.com\/tr\/wp-content\/uploads\/2015\/03\/ant_lab_guncelleme-120x120.jpg 120w, https:\/\/www.antalyalab.com\/tr\/wp-content\/uploads\/2015\/03\/ant_lab_guncelleme-450x450.jpg 450w, https:\/\/www.antalyalab.com\/tr\/wp-content\/uploads\/2015\/03\/ant_lab_guncelleme.jpg 900w\" sizes=\"(max-width: 705px) 100vw, 705px\" \/><\/div><\/div><\/figure><\/a><!--end av-masonry entry--><a href=\"https:\/\/www.antalyalab.com\/tr\/wp-content\/uploads\/2015\/03\/LEWO7944-1.jpg\"  aria-label=\"image lewo7944\"  id='av-masonry-1-item-827' data-av-masonry-item='827' class='av-masonry-entry isotope-item post-827 attachment type-attachment status-inherit hentry  av-masonry-item-with-image' title=\"lewo7944\" alt=\"\"   itemprop=\"thumbnailUrl\" ><div class='av-inner-masonry-sizer'><\/div><figure class='av-inner-masonry main_color'><div class=\"av-masonry-outerimage-container\"><div class=\"av-masonry-image-container\" ><img decoding=\"async\" width=\"705\" height=\"705\" class=\"wp-image-827 avia-img-lazy-loading-not-827\"  src=\"https:\/\/www.antalyalab.com\/tr\/wp-content\/uploads\/2015\/03\/LEWO7944-1-705x705.jpg\" title=\"copyright \u00a9 antalyalab.com\" alt=\"copyright \u00a9 antalyalab.com\" srcset=\"https:\/\/www.antalyalab.com\/tr\/wp-content\/uploads\/2015\/03\/LEWO7944-1-705x705.jpg 705w, https:\/\/www.antalyalab.com\/tr\/wp-content\/uploads\/2015\/03\/LEWO7944-1-80x80.jpg 80w, https:\/\/www.antalyalab.com\/tr\/wp-content\/uploads\/2015\/03\/LEWO7944-1-300x300.jpg 300w, https:\/\/www.antalyalab.com\/tr\/wp-content\/uploads\/2015\/03\/LEWO7944-1-768x768.jpg 768w, https:\/\/www.antalyalab.com\/tr\/wp-content\/uploads\/2015\/03\/LEWO7944-1-36x36.jpg 36w, https:\/\/www.antalyalab.com\/tr\/wp-content\/uploads\/2015\/03\/LEWO7944-1-180x180.jpg 180w, https:\/\/www.antalyalab.com\/tr\/wp-content\/uploads\/2015\/03\/LEWO7944-1-120x120.jpg 120w, https:\/\/www.antalyalab.com\/tr\/wp-content\/uploads\/2015\/03\/LEWO7944-1-450x450.jpg 450w, https:\/\/www.antalyalab.com\/tr\/wp-content\/uploads\/2015\/03\/LEWO7944-1.jpg 922w\" sizes=\"(max-width: 705px) 100vw, 705px\" \/><\/div><\/div><\/figure><\/a><!--end av-masonry entry--><a href=\"https:\/\/www.antalyalab.com\/tr\/wp-content\/uploads\/2016\/11\/29816965_l.jpg\"  aria-label=\"image 29816965 &#8211; calibration weight set  isolated on white background\"  id='av-masonry-1-item-1288' data-av-masonry-item='1288' class='av-masonry-entry isotope-item post-1288 attachment type-attachment status-inherit hentry  av-masonry-item-with-image' title=\"29816965 &#8211; calibration weight set  isolated on white background\" alt=\"\"   itemprop=\"thumbnailUrl\" ><div class='av-inner-masonry-sizer'><\/div><figure class='av-inner-masonry main_color'><div class=\"av-masonry-outerimage-container\"><div class=\"av-masonry-image-container\" ><img decoding=\"async\" width=\"705\" height=\"597\" class=\"wp-image-1288 avia-img-lazy-loading-not-1288\"  src=\"https:\/\/www.antalyalab.com\/tr\/wp-content\/uploads\/2016\/11\/29816965_l-705x597.jpg\" title=\"copyright \u00a9 antalyalab.com\" alt=\"copyright \u00a9 antalyalab.com\" srcset=\"https:\/\/www.antalyalab.com\/tr\/wp-content\/uploads\/2016\/11\/29816965_l-705x597.jpg 705w, https:\/\/www.antalyalab.com\/tr\/wp-content\/uploads\/2016\/11\/29816965_l-300x254.jpg 300w, https:\/\/www.antalyalab.com\/tr\/wp-content\/uploads\/2016\/11\/29816965_l-768x650.jpg 768w, https:\/\/www.antalyalab.com\/tr\/wp-content\/uploads\/2016\/11\/29816965_l-450x381.jpg 450w, https:\/\/www.antalyalab.com\/tr\/wp-content\/uploads\/2016\/11\/29816965_l.jpg 900w\" sizes=\"(max-width: 705px) 100vw, 705px\" \/><\/div><\/div><\/figure><\/a><!--end av-masonry entry--><a href=\"https:\/\/www.antalyalab.com\/tr\/wp-content\/uploads\/2016\/11\/40910343_l.jpg\"  aria-label=\"image 40910343_l\"  id='av-masonry-1-item-1289' data-av-masonry-item='1289' class='av-masonry-entry isotope-item post-1289 attachment type-attachment status-inherit hentry  av-masonry-item-with-image' title=\"40910343_l\" alt=\"\"   itemprop=\"thumbnailUrl\" ><div class='av-inner-masonry-sizer'><\/div><figure class='av-inner-masonry main_color'><div class=\"av-masonry-outerimage-container\"><div class=\"av-masonry-image-container\" ><img decoding=\"async\" width=\"705\" height=\"400\" class=\"wp-image-1289 avia-img-lazy-loading-not-1289\"  src=\"https:\/\/www.antalyalab.com\/tr\/wp-content\/uploads\/2016\/11\/40910343_l-705x400.jpg\" title=\"copyright \u00a9 antalyalab.com\" alt=\"copyright \u00a9 antalyalab.com\" srcset=\"https:\/\/www.antalyalab.com\/tr\/wp-content\/uploads\/2016\/11\/40910343_l-705x400.jpg 705w, https:\/\/www.antalyalab.com\/tr\/wp-content\/uploads\/2016\/11\/40910343_l-300x170.jpg 300w, https:\/\/www.antalyalab.com\/tr\/wp-content\/uploads\/2016\/11\/40910343_l-768x436.jpg 768w, https:\/\/www.antalyalab.com\/tr\/wp-content\/uploads\/2016\/11\/40910343_l-450x256.jpg 450w, https:\/\/www.antalyalab.com\/tr\/wp-content\/uploads\/2016\/11\/40910343_l.jpg 900w\" sizes=\"(max-width: 705px) 100vw, 705px\" \/><\/div><\/div><\/figure><\/a><!--end av-masonry entry--><a href=\"https:\/\/www.antalyalab.com\/tr\/wp-content\/uploads\/2016\/11\/41012593_l.jpg\"  aria-label=\"image 41012593 &#8211; water testing bottle with space on wall\"  id='av-masonry-1-item-1290' data-av-masonry-item='1290' class='av-masonry-entry isotope-item post-1290 attachment type-attachment status-inherit hentry  av-masonry-item-with-image' title=\"41012593 &#8211; water testing bottle with space on wall\" alt=\"\"   itemprop=\"thumbnailUrl\" ><div class='av-inner-masonry-sizer'><\/div><figure class='av-inner-masonry main_color'><div class=\"av-masonry-outerimage-container\"><div class=\"av-masonry-image-container\" ><img decoding=\"async\" width=\"705\" height=\"360\" class=\"wp-image-1290 avia-img-lazy-loading-not-1290\"  src=\"https:\/\/www.antalyalab.com\/tr\/wp-content\/uploads\/2016\/11\/41012593_l-705x360.jpg\" title=\"copyright \u00a9 antalyalab.com\" alt=\"copyright \u00a9 antalyalab.com\" srcset=\"https:\/\/www.antalyalab.com\/tr\/wp-content\/uploads\/2016\/11\/41012593_l-705x360.jpg 705w, https:\/\/www.antalyalab.com\/tr\/wp-content\/uploads\/2016\/11\/41012593_l-300x153.jpg 300w, https:\/\/www.antalyalab.com\/tr\/wp-content\/uploads\/2016\/11\/41012593_l-768x393.jpg 768w, https:\/\/www.antalyalab.com\/tr\/wp-content\/uploads\/2016\/11\/41012593_l-450x230.jpg 450w, https:\/\/www.antalyalab.com\/tr\/wp-content\/uploads\/2016\/11\/41012593_l.jpg 900w\" sizes=\"(max-width: 705px) 100vw, 705px\" \/><\/div><\/div><\/figure><\/a><!--end av-masonry entry--><a href=\"https:\/\/www.antalyalab.com\/tr\/wp-content\/uploads\/2016\/11\/48129520_l.jpg\"  aria-label=\"image 48129520 &#8211; chemical laboratory background. laboratory concept.\"  id='av-masonry-1-item-1291' data-av-masonry-item='1291' class='av-masonry-entry isotope-item post-1291 attachment type-attachment status-inherit hentry  av-masonry-item-with-image' title=\"48129520 &#8211; chemical laboratory background. laboratory concept.\" alt=\"\"   itemprop=\"thumbnailUrl\" ><div class='av-inner-masonry-sizer'><\/div><figure class='av-inner-masonry main_color'><div class=\"av-masonry-outerimage-container\"><div class=\"av-masonry-image-container\" ><img decoding=\"async\" width=\"705\" height=\"705\" class=\"wp-image-1291 avia-img-lazy-loading-not-1291\"  src=\"https:\/\/www.antalyalab.com\/tr\/wp-content\/uploads\/2016\/11\/48129520_l-705x705.jpg\" title=\"copyright \u00a9 antalyalab.com\" alt=\"copyright \u00a9 antalyalab.com\" srcset=\"https:\/\/www.antalyalab.com\/tr\/wp-content\/uploads\/2016\/11\/48129520_l-705x705.jpg 705w, https:\/\/www.antalyalab.com\/tr\/wp-content\/uploads\/2016\/11\/48129520_l-80x80.jpg 80w, https:\/\/www.antalyalab.com\/tr\/wp-content\/uploads\/2016\/11\/48129520_l-300x300.jpg 300w, https:\/\/www.antalyalab.com\/tr\/wp-content\/uploads\/2016\/11\/48129520_l-768x768.jpg 768w, https:\/\/www.antalyalab.com\/tr\/wp-content\/uploads\/2016\/11\/48129520_l-36x36.jpg 36w, https:\/\/www.antalyalab.com\/tr\/wp-content\/uploads\/2016\/11\/48129520_l-180x180.jpg 180w, https:\/\/www.antalyalab.com\/tr\/wp-content\/uploads\/2016\/11\/48129520_l-120x120.jpg 120w, https:\/\/www.antalyalab.com\/tr\/wp-content\/uploads\/2016\/11\/48129520_l-450x450.jpg 450w, https:\/\/www.antalyalab.com\/tr\/wp-content\/uploads\/2016\/11\/48129520_l.jpg 900w\" sizes=\"(max-width: 705px) 100vw, 705px\" \/><\/div><\/div><\/figure><\/a><!--end av-masonry entry--><a href=\"https:\/\/www.antalyalab.com\/tr\/wp-content\/uploads\/2016\/11\/50100403_l.jpg\"  aria-label=\"image 50100403_l\"  id='av-masonry-1-item-1292' data-av-masonry-item='1292' class='av-masonry-entry isotope-item post-1292 attachment type-attachment status-inherit hentry  av-masonry-item-with-image' title=\"50100403_l\" alt=\"\"   itemprop=\"thumbnailUrl\" ><div class='av-inner-masonry-sizer'><\/div><figure class='av-inner-masonry main_color'><div class=\"av-masonry-outerimage-container\"><div class=\"av-masonry-image-container\" ><img decoding=\"async\" width=\"705\" height=\"549\" class=\"wp-image-1292 avia-img-lazy-loading-not-1292\"  src=\"https:\/\/www.antalyalab.com\/tr\/wp-content\/uploads\/2016\/11\/50100403_l-705x549.jpg\" title=\"copyright \u00a9 antalyalab.com\" alt=\"copyright \u00a9 antalyalab.com\" srcset=\"https:\/\/www.antalyalab.com\/tr\/wp-content\/uploads\/2016\/11\/50100403_l-705x549.jpg 705w, https:\/\/www.antalyalab.com\/tr\/wp-content\/uploads\/2016\/11\/50100403_l-300x234.jpg 300w, https:\/\/www.antalyalab.com\/tr\/wp-content\/uploads\/2016\/11\/50100403_l-768x598.jpg 768w, https:\/\/www.antalyalab.com\/tr\/wp-content\/uploads\/2016\/11\/50100403_l-450x351.jpg 450w, https:\/\/www.antalyalab.com\/tr\/wp-content\/uploads\/2016\/11\/50100403_l.jpg 900w\" sizes=\"(max-width: 705px) 100vw, 705px\" \/><\/div><\/div><\/figure><\/a><!--end av-masonry entry--><a href=\"https:\/\/www.antalyalab.com\/tr\/wp-content\/uploads\/2016\/11\/59047353_l.jpg\"  aria-label=\"image 59047353 &#8211; pcr strip test tubes and micropipette in genetics laboratory\"  id='av-masonry-1-item-1293' data-av-masonry-item='1293' class='av-masonry-entry isotope-item post-1293 attachment type-attachment status-inherit hentry  av-masonry-item-with-image' title=\"59047353 &#8211; pcr strip test tubes and micropipette in genetics laboratory\" alt=\"\"   itemprop=\"thumbnailUrl\" ><div class='av-inner-masonry-sizer'><\/div><figure class='av-inner-masonry main_color'><div class=\"av-masonry-outerimage-container\"><div class=\"av-masonry-image-container\" ><img decoding=\"async\" width=\"705\" height=\"504\" class=\"wp-image-1293 avia-img-lazy-loading-not-1293\"  src=\"https:\/\/www.antalyalab.com\/tr\/wp-content\/uploads\/2016\/11\/59047353_l-705x504.jpg\" title=\"copyright \u00a9 antalyalab.com\" alt=\"copyright \u00a9 antalyalab.com\" srcset=\"https:\/\/www.antalyalab.com\/tr\/wp-content\/uploads\/2016\/11\/59047353_l-705x504.jpg 705w, https:\/\/www.antalyalab.com\/tr\/wp-content\/uploads\/2016\/11\/59047353_l-300x214.jpg 300w, https:\/\/www.antalyalab.com\/tr\/wp-content\/uploads\/2016\/11\/59047353_l-768x549.jpg 768w, https:\/\/www.antalyalab.com\/tr\/wp-content\/uploads\/2016\/11\/59047353_l-260x185.jpg 260w, https:\/\/www.antalyalab.com\/tr\/wp-content\/uploads\/2016\/11\/59047353_l-450x322.jpg 450w, https:\/\/www.antalyalab.com\/tr\/wp-content\/uploads\/2016\/11\/59047353_l.jpg 900w\" sizes=\"(max-width: 705px) 100vw, 705px\" \/><\/div><\/div><\/figure><\/a><!--end av-masonry entry--><a href=\"https:\/\/www.antalyalab.com\/tr\/wp-content\/uploads\/2016\/11\/62159860_l.jpg\"  aria-label=\"image 62159860 &#8211; bacteria culture in petri dish\"  id='av-masonry-1-item-1294' data-av-masonry-item='1294' class='av-masonry-entry isotope-item post-1294 attachment type-attachment status-inherit hentry  av-masonry-item-with-image' title=\"62159860 &#8211; bacteria culture in petri dish\" alt=\"\"   itemprop=\"thumbnailUrl\" ><div class='av-inner-masonry-sizer'><\/div><figure class='av-inner-masonry main_color'><div class=\"av-masonry-outerimage-container\"><div class=\"av-masonry-image-container\" ><img decoding=\"async\" width=\"705\" height=\"443\" class=\"wp-image-1294 avia-img-lazy-loading-not-1294\"  src=\"https:\/\/www.antalyalab.com\/tr\/wp-content\/uploads\/2016\/11\/62159860_l-705x443.jpg\" title=\"copyright \u00a9 antalyalab.com\" alt=\"copyright \u00a9 antalyalab.com\" srcset=\"https:\/\/www.antalyalab.com\/tr\/wp-content\/uploads\/2016\/11\/62159860_l-705x443.jpg 705w, https:\/\/www.antalyalab.com\/tr\/wp-content\/uploads\/2016\/11\/62159860_l-300x189.jpg 300w, https:\/\/www.antalyalab.com\/tr\/wp-content\/uploads\/2016\/11\/62159860_l-768x483.jpg 768w, https:\/\/www.antalyalab.com\/tr\/wp-content\/uploads\/2016\/11\/62159860_l-450x283.jpg 450w, https:\/\/www.antalyalab.com\/tr\/wp-content\/uploads\/2016\/11\/62159860_l.jpg 900w\" sizes=\"(max-width: 705px) 100vw, 705px\" \/><\/div><\/div><\/figure><\/a><!--end av-masonry entry--><a href=\"https:\/\/www.antalyalab.com\/tr\/wp-content\/uploads\/2016\/11\/10087038_l-717x1030.jpg\"  aria-label=\"image 10087038 &#8211; working in lab with microscope\"  id='av-masonry-1-item-1295' data-av-masonry-item='1295' class='av-masonry-entry isotope-item post-1295 attachment type-attachment status-inherit hentry  av-masonry-item-with-image' title=\"10087038 &#8211; working in lab with microscope\" alt=\"\"   itemprop=\"thumbnailUrl\" ><div class='av-inner-masonry-sizer'><\/div><figure class='av-inner-masonry main_color'><div class=\"av-masonry-outerimage-container\"><div class=\"av-masonry-image-container\" ><img decoding=\"async\" width=\"491\" height=\"705\" class=\"wp-image-1295 avia-img-lazy-loading-not-1295\"  src=\"https:\/\/www.antalyalab.com\/tr\/wp-content\/uploads\/2016\/11\/10087038_l-491x705.jpg\" title=\"copyright \u00a9 antalyalab.com\" alt=\"copyright \u00a9 antalyalab.com\" srcset=\"https:\/\/www.antalyalab.com\/tr\/wp-content\/uploads\/2016\/11\/10087038_l-491x705.jpg 491w, https:\/\/www.antalyalab.com\/tr\/wp-content\/uploads\/2016\/11\/10087038_l-209x300.jpg 209w, https:\/\/www.antalyalab.com\/tr\/wp-content\/uploads\/2016\/11\/10087038_l-768x1103.jpg 768w, https:\/\/www.antalyalab.com\/tr\/wp-content\/uploads\/2016\/11\/10087038_l-717x1030.jpg 717w, https:\/\/www.antalyalab.com\/tr\/wp-content\/uploads\/2016\/11\/10087038_l-450x647.jpg 450w, https:\/\/www.antalyalab.com\/tr\/wp-content\/uploads\/2016\/11\/10087038_l.jpg 900w\" sizes=\"(max-width: 491px) 100vw, 491px\" \/><\/div><\/div><\/figure><\/a><!--end av-masonry entry--><a href=\"https:\/\/www.antalyalab.com\/tr\/wp-content\/uploads\/2016\/11\/11130478_l.jpg\"  aria-label=\"image 11130478 &#8211; chemical test tube . medical experiment with laboratory glass\"  id='av-masonry-1-item-1296' data-av-masonry-item='1296' class='av-masonry-entry isotope-item post-1296 attachment type-attachment status-inherit hentry  av-masonry-item-with-image' title=\"11130478 &#8211; chemical test tube . medical experiment with laboratory glass\" alt=\"\"   itemprop=\"thumbnailUrl\" ><div class='av-inner-masonry-sizer'><\/div><figure class='av-inner-masonry main_color'><div class=\"av-masonry-outerimage-container\"><div class=\"av-masonry-image-container\" ><img decoding=\"async\" width=\"705\" height=\"531\" class=\"wp-image-1296 avia-img-lazy-loading-not-1296\"  src=\"https:\/\/www.antalyalab.com\/tr\/wp-content\/uploads\/2016\/11\/11130478_l-705x531.jpg\" title=\"copyright \u00a9 antalyalab.com\" alt=\"copyright \u00a9 antalyalab.com\" srcset=\"https:\/\/www.antalyalab.com\/tr\/wp-content\/uploads\/2016\/11\/11130478_l-705x531.jpg 705w, https:\/\/www.antalyalab.com\/tr\/wp-content\/uploads\/2016\/11\/11130478_l-300x226.jpg 300w, https:\/\/www.antalyalab.com\/tr\/wp-content\/uploads\/2016\/11\/11130478_l-768x579.jpg 768w, https:\/\/www.antalyalab.com\/tr\/wp-content\/uploads\/2016\/11\/11130478_l-450x339.jpg 450w, https:\/\/www.antalyalab.com\/tr\/wp-content\/uploads\/2016\/11\/11130478_l.jpg 900w\" sizes=\"(max-width: 705px) 100vw, 705px\" \/><\/div><\/div><\/figure><\/a><!--end av-masonry entry--><\/div><\/div>\n<\/div><\/div><\/div>\n","protected":false},"excerpt":{"rendered":"","protected":false},"author":101013,"featured_media":0,"parent":0,"menu_order":0,"comment_status":"closed","ping_status":"closed","template":"","meta":{"footnotes":""},"class_list":["post-893","page","type-page","status-publish","hentry"],"_links":{"self":[{"href":"https:\/\/www.antalyalab.com\/tr\/wp-json\/wp\/v2\/pages\/893","targetHints":{"allow":["GET"]}}],"collection":[{"href":"https:\/\/www.antalyalab.com\/tr\/wp-json\/wp\/v2\/pages"}],"about":[{"href":"https:\/\/www.antalyalab.com\/tr\/wp-json\/wp\/v2\/types\/page"}],"author":[{"embeddable":true,"href":"https:\/\/www.antalyalab.com\/tr\/wp-json\/wp\/v2\/users\/101013"}],"replies":[{"embeddable":true,"href":"https:\/\/www.antalyalab.com\/tr\/wp-json\/wp\/v2\/comments?post=893"}],"version-history":[{"count":11,"href":"https:\/\/www.antalyalab.com\/tr\/wp-json\/wp\/v2\/pages\/893\/revisions"}],"predecessor-version":[{"id":1669,"href":"https:\/\/www.antalyalab.com\/tr\/wp-json\/wp\/v2\/pages\/893\/revisions\/1669"}],"wp:attachment":[{"href":"https:\/\/www.antalyalab.com\/tr\/wp-json\/wp\/v2\/media?parent=893"}],"curies":[{"name":"wp","href":"https:\/\/api.w.org\/{rel}","templated":true}]}}