{"id":76,"date":"2015-03-03T02:10:42","date_gmt":"2015-03-03T02:10:42","guid":{"rendered":"http:\/\/wp\/enfold-shop\/?page_id=76"},"modified":"2026-04-10T13:34:43","modified_gmt":"2026-04-10T10:34:43","slug":"contact","status":"publish","type":"page","link":"https:\/\/www.antalyalab.com\/tr\/contact\/","title":{"rendered":"Contact"},"content":{"rendered":"<div  class='av_gmaps_sc_main_wrap av_gmaps_main_wrap '><div id='av_gmap_0' class='avia-google-map-container avia-google-map-sc av_gmaps_show_unconditionally av-no-fallback-img ' data-mapid='av_gmap_0'  style='height: 400px;'><a class=\"av_gmaps_browser_disabled av_text_confirm_link av_text_confirm_link_visible\" href=\"https:\/\/www.google.com\/maps\/search\/?api=1&#038;query=100.%20Y\u0131l%20Caddesi,%20Alt\u0131nda\u011f%20Mahallesi%207\/C%20%20ANTALYA%20%20T\u00fcrkiye\" target=\"_blank\" rel=\"noopener\">Maps were disabled by the visitor on this site. Click to open the map in a new window.<\/a><\/div><\/div>\n<div id='av-layout-grid-1'  class='av-layout-grid-container entry-content-wrapper main_color av-flex-cells     avia-builder-el-2  el_after_av_google_map  el_before_av_section  submenu-not-first container_wrap sidebar_right' style=' '  >\n<div class=\"flex_cell no_margin av_two_third  avia-builder-el-3  el_before_av_cell_one_third  avia-builder-el-first   \"  style='vertical-align:top; padding:30px 60px 30px 60px ; ' ><div class='flex_cell_inner' ><form action=\"https:\/\/www.antalyalab.com\/tr\/contact\/\" method=\"post\"  class=\"avia_ajax_form av-form-labels-hidden   avia-builder-el-4  avia-builder-el-no-sibling   \" data-avia-form-id=\"1\" data-avia-redirect='' ><h3 class=''>Online Mesaj<\/h3><fieldset><p class='  first_form  form_element form_element_half' id='element_avia_1_1'><label for=\"avia_1_1\">\u0130sim <abbr class=\"required\" title=\"Zorunlu\">*<\/abbr><\/label> <input name=\"avia_1_1\" class=\"text_input is_empty\" type=\"text\" id=\"avia_1_1\" value=\"\"  placeholder='\u0130sim*'\/><\/p><p class='  form_element form_element_half' id='element_avia_2_1'><label for=\"avia_2_1\">E-Posta <abbr class=\"required\" title=\"Zorunlu\">*<\/abbr><\/label> <input name=\"avia_2_1\" class=\"text_input is_email\" type=\"text\" id=\"avia_2_1\" value=\"\"  placeholder='E-Posta*'\/><\/p><p class='  first_form  form_element form_fullwidth' id='element_avia_3_1'><label for=\"avia_3_1\">Konu <abbr class=\"required\" title=\"Zorunlu\">*<\/abbr><\/label> <input name=\"avia_3_1\" class=\"text_input is_empty\" type=\"text\" id=\"avia_3_1\" value=\"\"  placeholder='Konu*'\/><\/p><p class='  first_form  form_element form_fullwidth' id='element_avia_4_1'><label for=\"avia_4_1\" class=\"textare_label hidden textare_label_avia_4_1\">Mesaj <abbr class=\"required\" title=\"Zorunlu\">*<\/abbr><\/label><textarea  placeholder='Mesaj*' name=\"avia_4_1\" class=\"text_area is_empty\" cols=\"40\" rows=\"7\" id=\"avia_4_1\" ><\/textarea><\/p><p class=\"hidden\"><input type=\"text\" name=\"avia_5_1\" class=\"hidden \" id=\"avia_5_1\" value=\"\" \/><\/p><div id='avia_6_1' class='av-recaptcha-area  first_form  form_element form_fullwidth '  data-container_class=\"\" data-custom_class=\"\" data-context=\"av_contact_form\" data-token_input=\"av_recaptcha_token\" data-version=\"avia_recaptcha_v2\" data-theme=\"light\" data-size=\"normal\" data-score=\"0.5\" data-text_to_preview=\"\" data-value=\"\"><div class=\"av-google-badge-message hidden\">This site is protected by reCAPTCHA and the Google <a href=\"https:\/\/policies.google.com\/privacy\">Privacy Policy<\/a> and <a href=\"https:\/\/policies.google.com\/terms\">Terms of Service<\/a> apply.<\/div><\/div><p class=\"form_element \"><input type=\"hidden\" value=\"1\" name=\"avia_generated_form1\" \/><input type=\"submit\" value=\"G\u00f6nder\" class=\"button\"  data-sending-label=\"G\u00f6nderiliyor\"\/><\/p><\/fieldset><div class=\"avia-disabled-form\">This contact form is deactivated because you refused to accept Google reCaptcha service which is necessary to validate any messages sent by the form.<\/div><\/form><div id=\"ajaxresponse_1\" class=\"ajaxresponse ajaxresponse_1 hidden\"><\/div>\n<\/div><\/div><div class=\"flex_cell no_margin av_one_third  avia-builder-el-5  el_after_av_cell_two_third  avia-builder-el-last   \"  style='vertical-align:middle; padding:30px; background-color:#69c3f0; ' ><div class='flex_cell_inner' ><section class=\"av_textblock_section \"  itemscope=\"itemscope\" itemtype=\"https:\/\/schema.org\/CreativeWork\" ><div class='avia_textblock  av_inherit_color '  style='color:#ffffff; '  itemprop=\"text\" ><h3 style=\"text-align: center;\"><\/h3>\n<h3 style=\"text-align: center;\"><\/h3>\n<p><img loading=\"lazy\" decoding=\"async\" class=\"size-full wp-image-1062 aligncenter\" src=\"http:\/\/antalyalab.com\/tr\/wp-content\/uploads\/2016\/12\/ant_lab_L_R.png\" alt=\"copyright \u00a9 antalyalab.com\" width=\"306\" height=\"109\" srcset=\"https:\/\/www.antalyalab.com\/tr\/wp-content\/uploads\/2016\/12\/ant_lab_L_R.png 306w, https:\/\/www.antalyalab.com\/tr\/wp-content\/uploads\/2016\/12\/ant_lab_L_R-300x107.png 300w\" sizes=\"auto, (max-width: 306px) 100vw, 306px\" title=\"copyright \u00a9 antalyalab.com\" \/><\/p>\n<p style=\"text-align: center;\">Ulu\u00e7 Mah. Gazi Mustafa Kemal Bulvar\u0131 No: 128\/32<\/p>\n<p style=\"text-align: center;\">KONYAALTI \/ <strong>ANTALYA<\/strong><\/p>\n<p style=\"text-align: center;\"><strong>E:<\/strong> info@antalyalab.com<br \/>\n<strong>T:<\/strong> +90 544 330 11 27<br \/>\n<strong>F:<\/strong> +90\u00a0<span style=\"font-weight: 400;\">242 229 84 16<\/span><\/p>\n<p style=\"text-align: center;\">\n<\/div><\/section>\n<\/div><\/div>\n<\/div>\n<div id='dilek'  class='avia-section main_color avia-section-default avia-shadow  avia-bg-style-scroll  avia-builder-el-7  el_after_av_layout_row  avia-builder-el-last   container_wrap sidebar_right' style=' '  ><div class='container' ><div class='template-page content  av-content-small alpha units'><div class='post-entry post-entry-type-page post-entry-76'><div class='entry-content-wrapper clearfix'>\n<div class=\"flex_column av_one_fifth  flex_column_div av-zero-column-padding first  avia-builder-el-8  el_before_av_three_fifth  avia-builder-el-first  \" style='border-radius:0px; '><\/div><div class=\"flex_column av_three_fifth  flex_column_div av-zero-column-padding   avia-builder-el-9  el_after_av_one_fifth  el_before_av_one_fifth  \" style='border-radius:0px; '><section class=\"av_textblock_section \"  itemscope=\"itemscope\" itemtype=\"https:\/\/schema.org\/CreativeWork\" ><div class='avia_textblock  '   itemprop=\"text\" ><h3 style=\"text-align: center;\"><a href=\"https:\/\/antalyalab.com\/tr\/wp-content\/uploads\/2021\/09\/F-14-1-Dilek-ve-S\u0327ikayet-FormuRev01.pdf\" target=\"_blank\" rel=\"noopener\">F-14-1 Dilek ve S\u0327ikayet Formu<\/a><\/h3>\n<hr \/>\n<h3 style=\"text-align: center;\"><a href=\"https:\/\/www.antalyalab.com\/tr\/wp-content\/uploads\/2025\/05\/P-14-Sikayetler-Proseduru-Rev02.pdf\" target=\"_blank\" rel=\"noopener\">P-14 S\u0327ikayetler Prosedu\u0308ru\u0308 <br class=\"avia-permanent-lb\" \/><\/a><\/h3>\n<hr \/>\n<h3 style=\"text-align: center;\"><a href=\"http:\/\/antalyalab.com\/tr\/wp-content\/uploads\/2026\/07\/T-10-1 Numune Kabul Kriterleri Talimat\u0131 rev07 (1).pdf\" data-wplink-url-error=\"true\">T-10-1-Numune-Kabul-Kriterleri-Talimati<\/a><\/h3>\n<hr \/>\n<h3 style=\"text-align: center;\"><a href=\"https:\/\/www.antalyalab.com\/tr\/wp-content\/uploads\/2025\/11\/Analiz Listesi.pdf\" data-wplink-url-error=\"true\">L-7-1 Analiz Listesi<\/a><\/h3>\n<hr \/>\n<\/div><\/section><\/div><div class=\"flex_column av_one_fifth  flex_column_div av-zero-column-padding   avia-builder-el-11  el_after_av_three_fifth  avia-builder-el-last  \" style='border-radius:0px; '><\/div><\/div><\/div><\/div><!-- close content main div --><\/div><\/div><div id='after_section_1'  class='main_color av_default_container_wrap container_wrap sidebar_right' style=' '  ><div class='container' ><div class='template-page content  av-content-small alpha units'><div class='post-entry post-entry-type-page post-entry-76'><div class='entry-content-wrapper clearfix'>\n","protected":false},"excerpt":{"rendered":"","protected":false},"author":101013,"featured_media":0,"parent":0,"menu_order":0,"comment_status":"open","ping_status":"closed","template":"","meta":{"footnotes":""},"class_list":["post-76","page","type-page","status-publish","hentry"],"_links":{"self":[{"href":"https:\/\/www.antalyalab.com\/tr\/wp-json\/wp\/v2\/pages\/76","targetHints":{"allow":["GET"]}}],"collection":[{"href":"https:\/\/www.antalyalab.com\/tr\/wp-json\/wp\/v2\/pages"}],"about":[{"href":"https:\/\/www.antalyalab.com\/tr\/wp-json\/wp\/v2\/types\/page"}],"author":[{"embeddable":true,"href":"https:\/\/www.antalyalab.com\/tr\/wp-json\/wp\/v2\/users\/101013"}],"replies":[{"embeddable":true,"href":"https:\/\/www.antalyalab.com\/tr\/wp-json\/wp\/v2\/comments?post=76"}],"version-history":[{"count":57,"href":"https:\/\/www.antalyalab.com\/tr\/wp-json\/wp\/v2\/pages\/76\/revisions"}],"predecessor-version":[{"id":1910,"href":"https:\/\/www.antalyalab.com\/tr\/wp-json\/wp\/v2\/pages\/76\/revisions\/1910"}],"wp:attachment":[{"href":"https:\/\/www.antalyalab.com\/tr\/wp-json\/wp\/v2\/media?parent=76"}],"curies":[{"name":"wp","href":"https:\/\/api.w.org\/{rel}","templated":true}]}}